{"id":1015,"date":"2021-01-11T10:13:35","date_gmt":"2021-01-11T10:13:35","guid":{"rendered":"https:\/\/bukytalk.com\/blog\/tiehome\/"},"modified":"2023-12-22T20:45:46","modified_gmt":"2023-12-22T17:45:46","slug":"tiehome","status":"publish","type":"page","link":"https:\/\/bukytalk.com\/blog\/","title":{"rendered":"\u0130ngilizce \u00d6\u011frenmek \u0130steyenler i\u00e7in BukyTalk Blogu"},"content":{"rendered":"<div id=\"pl-1015\" class=\"panel-layout\">\n<div id=\"pg-1015-0\" class=\"panel-grid panel-no-style\">\n<div id=\"pgc-1015-0-0\" class=\"panel-grid-cell\" data-weight=\"1\">\n<div id=\"panel-1015-0-0-0\" class=\"so-panel widget widget_search panel-first-child\" data-index=\"0\" data-style=\"{&quot;background_image_attachment&quot;:false,&quot;background_display&quot;:&quot;tile&quot;}\">[siteorigin_widget class=&#8221;WP_Widget_Search&#8221;]<input type=\"hidden\" value=\"{&quot;instance&quot;:{&quot;title&quot;:&quot;&quot;,&quot;so_sidebar_emulator_id&quot;:&quot;search-101510000&quot;,&quot;option_name&quot;:&quot;widget_search&quot;},&quot;args&quot;:{&quot;before_widget&quot;:&quot;&lt;div id=\\&quot;panel-1015-0-0-0\\&quot; class=\\&quot;so-panel widget widget_search panel-first-child\\&quot; data-index=\\&quot;0\\&quot; data-style=\\&quot;{&quot;background_image_attachment&quot;:false,&quot;background_display&quot;:&quot;tile&quot;}\\&quot; &gt;&quot;,&quot;after_widget&quot;:&quot;&lt;\\\/div&gt;&quot;,&quot;before_title&quot;:&quot;&lt;h3 class=\\&quot;widget-title\\&quot;&gt;&quot;,&quot;after_title&quot;:&quot;&lt;\\\/h3&gt;&quot;,&quot;widget_id&quot;:&quot;widget-0-0-0&quot;}}\" \/>[\/siteorigin_widget]<\/div>\n<div id=\"panel-1015-0-0-1\" class=\"so-panel widget widget_posts-list-widget posts-list panel-last-child\" data-index=\"1\" data-style=\"{&quot;background_image_attachment&quot;:false,&quot;background_display&quot;:&quot;tile&quot;}\">[siteorigin_widget class=&#8221;TIE_POSTS_LIST&#8221;]<input type=\"hidden\" value=\"{&quot;instance&quot;:{&quot;title&quot;:&quot;Yaz\u0131lar&quot;,&quot;posts_order&quot;:&quot;latest&quot;,&quot;no_of_posts&quot;:&quot;5&quot;,&quot;offset&quot;:&quot;&quot;,&quot;style&quot;:&quot;1&quot;,&quot;media_overlay&quot;:0,&quot;exclude_current&quot;:0,&quot;so_sidebar_emulator_id&quot;:&quot;posts-list-widget-101510001&quot;,&quot;option_name&quot;:&quot;widget_posts-list-widget&quot;},&quot;args&quot;:{&quot;before_widget&quot;:&quot;&lt;div id=\\&quot;panel-1015-0-0-1\\&quot; class=\\&quot;so-panel widget widget_posts-list-widget posts-list panel-last-child\\&quot; data-index=\\&quot;1\\&quot; data-style=\\&quot;{&quot;background_image_attachment&quot;:false,&quot;background_display&quot;:&quot;tile&quot;}\\&quot; &gt;&quot;,&quot;after_widget&quot;:&quot;&lt;\\\/div&gt;&quot;,&quot;before_title&quot;:&quot;&lt;h3 class=\\&quot;widget-title\\&quot;&gt;&quot;,&quot;after_title&quot;:&quot;&lt;\\\/h3&gt;&quot;,&quot;widget_id&quot;:&quot;widget-0-0-1&quot;}}\" \/>[\/siteorigin_widget]<\/div>\n<\/div>\n<\/div>\n<\/div>\n","protected":false},"excerpt":{"rendered":"<p>[siteorigin_widget class=&#8221;WP_Widget_Search&#8221;][\/siteorigin_widget] [siteorigin_widget class=&#8221;TIE_POSTS_LIST&#8221;][\/siteorigin_widget]<\/p>\n","protected":false},"author":1,"featured_media":0,"parent":0,"menu_order":0,"comment_status":"closed","ping_status":"closed","template":"","meta":{"footnotes":""},"class_list":["post-1015","page","type-page","status-publish","hentry"],"_links":{"self":[{"href":"https:\/\/bukytalk.com\/blog\/wp-json\/wp\/v2\/pages\/1015","targetHints":{"allow":["GET"]}}],"collection":[{"href":"https:\/\/bukytalk.com\/blog\/wp-json\/wp\/v2\/pages"}],"about":[{"href":"https:\/\/bukytalk.com\/blog\/wp-json\/wp\/v2\/types\/page"}],"author":[{"embeddable":true,"href":"https:\/\/bukytalk.com\/blog\/wp-json\/wp\/v2\/users\/1"}],"replies":[{"embeddable":true,"href":"https:\/\/bukytalk.com\/blog\/wp-json\/wp\/v2\/comments?post=1015"}],"version-history":[{"count":48,"href":"https:\/\/bukytalk.com\/blog\/wp-json\/wp\/v2\/pages\/1015\/revisions"}],"predecessor-version":[{"id":2752,"href":"https:\/\/bukytalk.com\/blog\/wp-json\/wp\/v2\/pages\/1015\/revisions\/2752"}],"wp:attachment":[{"href":"https:\/\/bukytalk.com\/blog\/wp-json\/wp\/v2\/media?parent=1015"}],"curies":[{"name":"wp","href":"https:\/\/api.w.org\/{rel}","templated":true}]}}